{"id":14,"date":"2024-07-06T00:02:39","date_gmt":"2024-07-05T22:02:39","guid":{"rendered":"http:\/\/schuldnerberatung-mg.de\/?page_id=14"},"modified":"2025-01-08T23:44:29","modified_gmt":"2025-01-08T22:44:29","slug":"unser-angebot","status":"publish","type":"page","link":"https:\/\/www.schuldnerberatung-mg.de\/h\/unser-angebot\/","title":{"rendered":"Unser Angebot"},"content":{"rendered":"\t\t<div data-elementor-type=\"wp-page\" data-elementor-id=\"14\" class=\"elementor elementor-14\">\n\t\t\t\t<div class=\"elementor-element elementor-element-c2812f3 e-flex e-con-boxed e-con e-parent\" data-id=\"c2812f3\" data-element_type=\"container\">\n\t\t\t\t\t<div class=\"e-con-inner\">\n\t\t<div class=\"elementor-element elementor-element-7cc5ada e-con-full e-flex e-con e-child\" data-id=\"7cc5ada\" data-element_type=\"container\">\n\t\t\t\t<div class=\"elementor-element elementor-element-13afd45 elementor-widget elementor-widget-heading\" data-id=\"13afd45\" data-element_type=\"widget\" data-widget_type=\"heading.default\">\n\t\t\t\t<div class=\"elementor-widget-container\">\n\t\t\t\t\t<h2 class=\"elementor-heading-title elementor-size-default\">Unser Angebot<\/h2>\t\t\t\t<\/div>\n\t\t\t\t<\/div>\n\t\t\t\t<\/div>\n\t\t\t\t\t<\/div>\n\t\t\t\t<\/div>\n\t\t<div class=\"elementor-element elementor-element-55da412 e-flex e-con-boxed e-con e-parent\" data-id=\"55da412\" data-element_type=\"container\">\n\t\t\t\t\t<div class=\"e-con-inner\">\n\t\t\t\t<div class=\"elementor-element elementor-element-8cbfd1c elementor-widget elementor-widget-text-editor\" data-id=\"8cbfd1c\" data-element_type=\"widget\" data-widget_type=\"text-editor.default\">\n\t\t\t\t<div class=\"elementor-widget-container\">\n\t\t\t\t\t\t\t\t\t<p>Wir helfen Menschen, die ihren ersten Wohnsitz in M\u00f6nchengladbach haben, nicht selbstst\u00e4ndig t\u00e4tig sind und bei denen eine \u00dcberschuldung vorliegt, also die ihre Zahlungsverpflichtungen nicht mehr erf\u00fcllen k\u00f6nnen. <strong>Unser Beratungsangebot ist immer geb\u00fchrenfrei.<\/strong><\/p><p>Wenn Sie sich an uns wenden, k\u00f6nnen wir zum Beispiel<\/p><ul><li>Ihre finanzielle Haushaltssituation kl\u00e4ren,<\/li><li>\u00fcber m\u00f6gliche Schritte informieren, um Ihre finanzielle Existenz zu sichern,<\/li><li>mit Ihnen ein Regulierungskonzept erarbeiten,<\/li><li>eine P-Konto-Bescheinigung ausstellen,<\/li><li>Beratung zur Verbraucherinsolvenz leisten.<\/li><\/ul><p>Wir sind eine anerkannte Insolvenzberatungsstelle gem\u00e4\u00df \u00a7 305 InsO. Das hei\u00dft wir k\u00f6nnen mit Ihnen den au\u00dfergerichtlichen Einigungsversuch durchf\u00fchren, dieser ist Voraussetzung f\u00fcr die Er\u00f6ffnung der Verbraucherinsolvenz.<\/p><p>Es besteht die M\u00f6glichkeit, ein bestehendes Giro-Konto in ein Pf\u00e4ndungsschutzkonto (P-Konto) umzuwandeln. Als anerkannte Insolvenzberatungsstelle erstellen wir P-Konto-Bescheinigungen gem\u00e4\u00df \u00a7 903 ZPO.<\/p>\t\t\t\t\t\t\t\t<\/div>\n\t\t\t\t<\/div>\n\t\t\t\t\t<\/div>\n\t\t\t\t<\/div>\n\t\t\t\t<\/div>\n\t\t","protected":false},"excerpt":{"rendered":"<p>Unser Angebot Wir helfen Menschen, die ihren ersten Wohnsitz in M\u00f6nchengladbach haben, nicht selbstst\u00e4ndig t\u00e4tig sind und bei denen eine [&hellip;]<\/p>\n","protected":false},"author":2,"featured_media":0,"parent":0,"menu_order":0,"comment_status":"closed","ping_status":"closed","template":"elementor_header_footer","meta":{"site-sidebar-layout":"default","site-content-layout":"","ast-site-content-layout":"default","site-content-style":"default","site-sidebar-style":"default","ast-global-header-display":"","ast-banner-title-visibility":"","ast-main-header-display":"","ast-hfb-above-header-display":"","ast-hfb-below-header-display":"","ast-hfb-mobile-header-display":"","site-post-title":"","ast-breadcrumbs-content":"","ast-featured-img":"","footer-sml-layout":"","ast-disable-related-posts":"","theme-transparent-header-meta":"","adv-header-id-meta":"","stick-header-meta":"","header-above-stick-meta":"","header-main-stick-meta":"","header-below-stick-meta":"","astra-migrate-meta-layouts":"default","ast-page-background-enabled":"default","ast-page-background-meta":{"desktop":{"background-color":"var(--ast-global-color-4)","background-image":"","background-repeat":"repeat","background-position":"center center","background-size":"auto","background-attachment":"scroll","background-type":"","background-media":"","overlay-type":"","overlay-color":"","overlay-opacity":"","overlay-gradient":""},"tablet":{"background-color":"","background-image":"","background-repeat":"repeat","background-position":"center center","background-size":"auto","background-attachment":"scroll","background-type":"","background-media":"","overlay-type":"","overlay-color":"","overlay-opacity":"","overlay-gradient":""},"mobile":{"background-color":"","background-image":"","background-repeat":"repeat","background-position":"center center","background-size":"auto","background-attachment":"scroll","background-type":"","background-media":"","overlay-type":"","overlay-color":"","overlay-opacity":"","overlay-gradient":""}},"ast-content-background-meta":{"desktop":{"background-color":"var(--ast-global-color-5)","background-image":"","background-repeat":"repeat","background-position":"center center","background-size":"auto","background-attachment":"scroll","background-type":"","background-media":"","overlay-type":"","overlay-color":"","overlay-opacity":"","overlay-gradient":""},"tablet":{"background-color":"var(--ast-global-color-5)","background-image":"","background-repeat":"repeat","background-position":"center center","background-size":"auto","background-attachment":"scroll","background-type":"","background-media":"","overlay-type":"","overlay-color":"","overlay-opacity":"","overlay-gradient":""},"mobile":{"background-color":"var(--ast-global-color-5)","background-image":"","background-repeat":"repeat","background-position":"center center","background-size":"auto","background-attachment":"scroll","background-type":"","background-media":"","overlay-type":"","overlay-color":"","overlay-opacity":"","overlay-gradient":""}},"footnotes":""},"class_list":["post-14","page","type-page","status-publish","hentry"],"_links":{"self":[{"href":"https:\/\/www.schuldnerberatung-mg.de\/h\/wp-json\/wp\/v2\/pages\/14","targetHints":{"allow":["GET"]}}],"collection":[{"href":"https:\/\/www.schuldnerberatung-mg.de\/h\/wp-json\/wp\/v2\/pages"}],"about":[{"href":"https:\/\/www.schuldnerberatung-mg.de\/h\/wp-json\/wp\/v2\/types\/page"}],"author":[{"embeddable":true,"href":"https:\/\/www.schuldnerberatung-mg.de\/h\/wp-json\/wp\/v2\/users\/2"}],"replies":[{"embeddable":true,"href":"https:\/\/www.schuldnerberatung-mg.de\/h\/wp-json\/wp\/v2\/comments?post=14"}],"version-history":[{"count":28,"href":"https:\/\/www.schuldnerberatung-mg.de\/h\/wp-json\/wp\/v2\/pages\/14\/revisions"}],"predecessor-version":[{"id":737,"href":"https:\/\/www.schuldnerberatung-mg.de\/h\/wp-json\/wp\/v2\/pages\/14\/revisions\/737"}],"wp:attachment":[{"href":"https:\/\/www.schuldnerberatung-mg.de\/h\/wp-json\/wp\/v2\/media?parent=14"}],"curies":[{"name":"wp","href":"https:\/\/api.w.org\/{rel}","templated":true}]}}