{"id":18,"date":"2024-07-06T00:03:51","date_gmt":"2024-07-05T22:03:51","guid":{"rendered":"http:\/\/schuldnerberatung-mg.de\/?page_id=18"},"modified":"2026-05-08T10:46:35","modified_gmt":"2026-05-08T08:46:35","slug":"wir-ueber-uns","status":"publish","type":"page","link":"https:\/\/www.schuldnerberatung-mg.de\/h\/wir-ueber-uns\/","title":{"rendered":"Wir \u00fcber uns"},"content":{"rendered":"\t\t<div data-elementor-type=\"wp-page\" data-elementor-id=\"18\" class=\"elementor elementor-18\">\n\t\t\t\t<div class=\"elementor-element elementor-element-8dd00e3 e-flex e-con-boxed e-con e-parent\" data-id=\"8dd00e3\" data-element_type=\"container\">\n\t\t\t\t\t<div class=\"e-con-inner\">\n\t\t\t\t<div class=\"elementor-element elementor-element-97159ca elementor-widget elementor-widget-heading\" data-id=\"97159ca\" data-element_type=\"widget\" data-widget_type=\"heading.default\">\n\t\t\t\t<div class=\"elementor-widget-container\">\n\t\t\t\t\t<h2 class=\"elementor-heading-title elementor-size-default\">Wir \u00fcber uns<\/h2>\t\t\t\t<\/div>\n\t\t\t\t<\/div>\n\t\t\t\t\t<\/div>\n\t\t\t\t<\/div>\n\t\t<div class=\"elementor-element elementor-element-902a386 e-flex e-con-boxed e-con e-parent\" data-id=\"902a386\" data-element_type=\"container\">\n\t\t\t\t\t<div class=\"e-con-inner\">\n\t\t\t\t<div class=\"elementor-element elementor-element-5f9b240 elementor-widget elementor-widget-text-editor\" data-id=\"5f9b240\" data-element_type=\"widget\" data-widget_type=\"text-editor.default\">\n\t\t\t\t<div class=\"elementor-widget-container\">\n\t\t\t\t\t\t\t\t\t<p>Die Arbeitsgemeinschaft Schuldenberatung wurde 1989 als gemeinn\u00fctziger Verein von dem Sozialdezernenten und den Gesch\u00e4ftsf\u00fchrern der Wohlfahrtsverb\u00e4nde in der Stadt M\u00f6nchengladbach gegr\u00fcndet. Diese bilden den Vorstand sowie die Mitglieder des Vereins.<\/p><p>Seit April 2009 ist Gert Herzogenrath Gesch\u00e4ftsf\u00fchrer der Arbeitsgemeinschaft.<\/p><p>Leiterin der Schuldenberatungsstelle ist seit 2026 Marina Scheidler.<\/p><p>Dr. A. Scheidgen ist seit Juni 2024 Vorstandsvorsitzender.<\/p><p>Unsere Beratungsstelle wird finanziert seitens<br \/>\u2022 der Stadt M\u00f6nchengladbach (57,5 %),<br \/>\u2022 des Landes NRW f\u00fcr die Insolvenzberatung (34,4 %),<br \/>\u2022 des Sparkassenfonds NRW (8,1 %),<br \/>so dass wir ein <strong>kostenloses Beratungsangebot<\/strong> bieten.<\/p><p>Wir sind anerkannte Insolvenzberatungsstelle gem\u00e4\u00df \u00a7 305 InsO und erstellen P-Konto-Bescheinigungen gem\u00e4\u00df \u00a7 903 ZPO.<\/p>\t\t\t\t\t\t\t\t<\/div>\n\t\t\t\t<\/div>\n\t\t\t\t\t<\/div>\n\t\t\t\t<\/div>\n\t\t\t\t<\/div>\n\t\t","protected":false},"excerpt":{"rendered":"<p>Wir \u00fcber uns Die Arbeitsgemeinschaft Schuldenberatung wurde 1989 als gemeinn\u00fctziger Verein von dem Sozialdezernenten und den Gesch\u00e4ftsf\u00fchrern der Wohlfahrtsverb\u00e4nde in [&hellip;]<\/p>\n","protected":false},"author":2,"featured_media":0,"parent":0,"menu_order":0,"comment_status":"closed","ping_status":"closed","template":"elementor_header_footer","meta":{"site-sidebar-layout":"default","site-content-layout":"","ast-site-content-layout":"default","site-content-style":"default","site-sidebar-style":"default","ast-global-header-display":"","ast-banner-title-visibility":"","ast-main-header-display":"","ast-hfb-above-header-display":"","ast-hfb-below-header-display":"","ast-hfb-mobile-header-display":"","site-post-title":"","ast-breadcrumbs-content":"","ast-featured-img":"","footer-sml-layout":"","ast-disable-related-posts":"","theme-transparent-header-meta":"","adv-header-id-meta":"","stick-header-meta":"","header-above-stick-meta":"","header-main-stick-meta":"","header-below-stick-meta":"","astra-migrate-meta-layouts":"default","ast-page-background-enabled":"default","ast-page-background-meta":{"desktop":{"background-color":"var(--ast-global-color-4)","background-image":"","background-repeat":"repeat","background-position":"center center","background-size":"auto","background-attachment":"scroll","background-type":"","background-media":"","overlay-type":"","overlay-color":"","overlay-opacity":"","overlay-gradient":""},"tablet":{"background-color":"","background-image":"","background-repeat":"repeat","background-position":"center center","background-size":"auto","background-attachment":"scroll","background-type":"","background-media":"","overlay-type":"","overlay-color":"","overlay-opacity":"","overlay-gradient":""},"mobile":{"background-color":"","background-image":"","background-repeat":"repeat","background-position":"center center","background-size":"auto","background-attachment":"scroll","background-type":"","background-media":"","overlay-type":"","overlay-color":"","overlay-opacity":"","overlay-gradient":""}},"ast-content-background-meta":{"desktop":{"background-color":"var(--ast-global-color-5)","background-image":"","background-repeat":"repeat","background-position":"center center","background-size":"auto","background-attachment":"scroll","background-type":"","background-media":"","overlay-type":"","overlay-color":"","overlay-opacity":"","overlay-gradient":""},"tablet":{"background-color":"var(--ast-global-color-5)","background-image":"","background-repeat":"repeat","background-position":"center center","background-size":"auto","background-attachment":"scroll","background-type":"","background-media":"","overlay-type":"","overlay-color":"","overlay-opacity":"","overlay-gradient":""},"mobile":{"background-color":"var(--ast-global-color-5)","background-image":"","background-repeat":"repeat","background-position":"center center","background-size":"auto","background-attachment":"scroll","background-type":"","background-media":"","overlay-type":"","overlay-color":"","overlay-opacity":"","overlay-gradient":""}},"footnotes":""},"class_list":["post-18","page","type-page","status-publish","hentry"],"_links":{"self":[{"href":"https:\/\/www.schuldnerberatung-mg.de\/h\/wp-json\/wp\/v2\/pages\/18","targetHints":{"allow":["GET"]}}],"collection":[{"href":"https:\/\/www.schuldnerberatung-mg.de\/h\/wp-json\/wp\/v2\/pages"}],"about":[{"href":"https:\/\/www.schuldnerberatung-mg.de\/h\/wp-json\/wp\/v2\/types\/page"}],"author":[{"embeddable":true,"href":"https:\/\/www.schuldnerberatung-mg.de\/h\/wp-json\/wp\/v2\/users\/2"}],"replies":[{"embeddable":true,"href":"https:\/\/www.schuldnerberatung-mg.de\/h\/wp-json\/wp\/v2\/comments?post=18"}],"version-history":[{"count":19,"href":"https:\/\/www.schuldnerberatung-mg.de\/h\/wp-json\/wp\/v2\/pages\/18\/revisions"}],"predecessor-version":[{"id":857,"href":"https:\/\/www.schuldnerberatung-mg.de\/h\/wp-json\/wp\/v2\/pages\/18\/revisions\/857"}],"wp:attachment":[{"href":"https:\/\/www.schuldnerberatung-mg.de\/h\/wp-json\/wp\/v2\/media?parent=18"}],"curies":[{"name":"wp","href":"https:\/\/api.w.org\/{rel}","templated":true}]}}