{"id":213,"date":"2024-07-06T18:12:00","date_gmt":"2024-07-06T16:12:00","guid":{"rendered":"http:\/\/schuldnerberatung-mg.de\/?page_id=213"},"modified":"2024-10-14T00:55:20","modified_gmt":"2024-10-13T22:55:20","slug":"weitere-sprachen","status":"publish","type":"page","link":"https:\/\/www.schuldnerberatung-mg.de\/h\/weitere-sprachen\/","title":{"rendered":"Weitere Sprachen"},"content":{"rendered":"\t\t<div data-elementor-type=\"wp-page\" data-elementor-id=\"213\" class=\"elementor elementor-213\">\n\t\t\t\t<div class=\"elementor-element elementor-element-21d9846 e-flex e-con-boxed e-con e-parent\" data-id=\"21d9846\" data-element_type=\"container\">\n\t\t\t\t\t<div class=\"e-con-inner\">\n\t\t<div class=\"elementor-element elementor-element-39a339b e-con-full e-flex e-con e-child\" data-id=\"39a339b\" data-element_type=\"container\">\n\t\t\t\t<div class=\"elementor-element elementor-element-968aa82 elementor-widget__width-initial elementor-widget elementor-widget-heading\" data-id=\"968aa82\" data-element_type=\"widget\" data-widget_type=\"heading.default\">\n\t\t\t\t<div class=\"elementor-widget-container\">\n\t\t\t\t\t<h2 class=\"elementor-heading-title elementor-size-default\">Weitere Sprachen<\/h2>\t\t\t\t<\/div>\n\t\t\t\t<\/div>\n\t\t\t\t<\/div>\n\t\t<div class=\"elementor-element elementor-element-c32c16b e-con-full e-flex e-con e-child\" data-id=\"c32c16b\" data-element_type=\"container\">\n\t\t\t\t<\/div>\n\t\t<div class=\"elementor-element elementor-element-c42bade e-con-full e-flex e-con e-child\" data-id=\"c42bade\" data-element_type=\"container\">\n\t\t\t\t<\/div>\n\t\t<div class=\"elementor-element elementor-element-b928145 e-con-full e-flex e-con e-child\" data-id=\"b928145\" data-element_type=\"container\">\n\t\t\t\t<\/div>\n\t\t\t\t\t<\/div>\n\t\t\t\t<\/div>\n\t\t<div class=\"elementor-element elementor-element-abda137 e-flex e-con-boxed e-con e-parent\" data-id=\"abda137\" data-element_type=\"container\">\n\t\t\t\t\t<div class=\"e-con-inner\">\n\t\t\t\t<div class=\"elementor-element elementor-element-a0eb984 elementor-widget elementor-widget-text-editor\" data-id=\"a0eb984\" data-element_type=\"widget\" data-widget_type=\"text-editor.default\">\n\t\t\t\t<div class=\"elementor-widget-container\">\n\t\t\t\t\t\t\t\t\t<p>Wenn Sie sich mit der deutschen Sprache nicht sicher f\u00fchlen, empfehlen wir zu den Beratungsterminen eine Person mitzubringen, die \u00fcbersetzen kann.<\/p><p><img decoding=\"async\" class=\"alignnone wp-image-431\" src=\"https:\/\/www.schuldnerberatung-mg.de\/h\/wp-content\/uploads\/2024\/07\/flags-38754_640.png\" alt=\"\" width=\"40\" height=\"21\" \/> If you do not feel confident with the German language, we recommend that you bring someone who can translate with you to the consultation appointments.<\/p><p><img decoding=\"async\" class=\"alignnone wp-image-430\" src=\"https:\/\/www.schuldnerberatung-mg.de\/h\/wp-content\/uploads\/2024\/07\/france-28463_640.png\" alt=\"\" width=\"41\" height=\"27\" \/> Si vous ne vous sentez pas \u00e0 l&#8217;aise avec la langue allemande, nous vous recommandons d&#8217;amener une personne qui peut traduire lors des rendez-vous de consultation.<\/p><p><img decoding=\"async\" class=\"alignnone wp-image-429\" src=\"https:\/\/www.schuldnerberatung-mg.de\/h\/wp-content\/uploads\/2024\/07\/spain-28530_640.png\" alt=\"\" width=\"41\" height=\"27\" \/> Si no se siente seguro con el idioma alem\u00e1n, le recomendamos que traiga a alguien que pueda traducir con usted a las citas de asesoramiento.<\/p><p><img loading=\"lazy\" decoding=\"async\" class=\"alignnone wp-image-443\" src=\"https:\/\/www.schuldnerberatung-mg.de\/h\/wp-content\/uploads\/2024\/07\/united-arab-emirates-26815_640.png\" alt=\"\" width=\"41\" height=\"27\" \/> .\u0625\u0630\u0627 \u0643\u0646\u062a \u0644\u0627 \u062a\u062c\u064a\u062f \u0627\u0644\u062a\u062d\u062f\u062b \u0628\u0627\u0644\u0644\u063a\u0629 \u0627\u0644\u0623\u0644\u0645\u0627\u0646\u064a\u0629 \u060c\u0646\u0648\u0635\u064a\u0643 \u0628\u0627\u0644\u0627\u0633\u062a\u0639\u0627\u0646\u0629 \u0628\u0623\u062d\u062f \u0627\u0644\u0645\u062e\u062a\u0635\u064a\u0646 \u0628\u0627\u0644\u062a\u0631\u062c\u0645\u0629 \u0641\u064a \u0647\u0630\u0647 \u0627\u0644\u0644\u063a\u0629 \u062d\u062a\u0649 \u064a\u0639\u064a\u0646\u0643 \u0641\u064a \u0641\u0647\u0645 \u0645\u0627 \u064a\u0642\u0627\u0644 \u0644\u0643 \u0623\u062b\u0646\u0627\u0621 \u0645\u0648\u0627\u0639\u064a\u062f \u0627\u0644\u0627\u0633\u062a\u0634\u0627\u0631\u0629<\/p><p><img loading=\"lazy\" decoding=\"async\" class=\"alignnone wp-image-428\" src=\"https:\/\/www.schuldnerberatung-mg.de\/h\/wp-content\/uploads\/2024\/07\/turkey-26820_640.png\" alt=\"\" width=\"40\" height=\"26\" \/> Almanca konusunda kendinize g\u00fcvenmiyorsan\u0131z, dan\u0131\u015fma randevusuna yan\u0131n\u0131zda terc\u00fcmanlik yapabilecek birini getirmenizi \u00f6neririz.<\/p><p><img loading=\"lazy\" decoding=\"async\" class=\"alignnone wp-image-427\" src=\"https:\/\/www.schuldnerberatung-mg.de\/h\/wp-content\/uploads\/2024\/07\/russia-26896_640.png\" alt=\"\" width=\"41\" height=\"27\" \/> \u0415\u0441\u043b\u0438 \u0432\u044b \u043d\u0435 \u0443\u0432\u0435\u0440\u0435\u043d\u044b \u0432 \u0437\u043d\u0430\u043d\u0438\u0438 \u043d\u0435\u043c\u0435\u0446\u043a\u043e\u0433\u043e \u044f\u0437\u044b\u043a\u0430, \u043c\u044b \u0440\u0435\u043a\u043e\u043c\u0435\u043d\u0434\u0443\u0435\u043c \u0432\u0430\u043c \u0432\u0437\u044f\u0442\u044c \u0441 \u0441\u043e\u0431\u043e\u0439 \u043d\u0430 \u043a\u043e\u043d\u0441\u0443\u043b\u044c\u0442\u0430\u0446\u0438\u044e \u0447\u0435\u043b\u043e\u0432\u0435\u043a\u0430, \u043a\u043e\u0442\u043e\u0440\u044b\u0439 \u0441\u043c\u043e\u0436\u0435\u0442 \u043f\u0435\u0440\u0435\u0432\u043e\u0434\u0438\u0442\u044c.<\/p><p><img loading=\"lazy\" decoding=\"async\" class=\"alignnone wp-image-425\" src=\"https:\/\/www.schuldnerberatung-mg.de\/h\/wp-content\/uploads\/2024\/07\/italy-162326_640.png\" alt=\"\" width=\"40\" height=\"27\" \/> Se non vi sentite sicuri con la lingua tedesca, vi consigliamo di portare con voi agli appuntamenti di consulenza qualcuno che possa tradurre.<\/p>\t\t\t\t\t\t\t\t<\/div>\n\t\t\t\t<\/div>\n\t\t\t\t\t<\/div>\n\t\t\t\t<\/div>\n\t\t<div class=\"elementor-element elementor-element-639b43e e-flex e-con-boxed e-con e-parent\" data-id=\"639b43e\" data-element_type=\"container\">\n\t\t\t\t\t<div class=\"e-con-inner\">\n\t\t<div class=\"elementor-element elementor-element-1ba332b e-con-full e-flex e-con e-child\" data-id=\"1ba332b\" data-element_type=\"container\">\n\t\t\t\t<div class=\"elementor-element elementor-element-3c94d07 elementor-widget__width-inherit elementor-view-default elementor-widget elementor-widget-icon\" data-id=\"3c94d07\" data-element_type=\"widget\" data-widget_type=\"icon.default\">\n\t\t\t\t<div class=\"elementor-widget-container\">\n\t\t\t\t\t\t\t<div class=\"elementor-icon-wrapper\">\n\t\t\t<div class=\"elementor-icon\">\n\t\t\t<i aria-hidden=\"true\" class=\"fas fa-info\"><\/i>\t\t\t<\/div>\n\t\t<\/div>\n\t\t\t\t\t\t<\/div>\n\t\t\t\t<\/div>\n\t\t\t\t<\/div>\n\t\t<div class=\"elementor-element elementor-element-c970933 e-con-full e-flex e-con e-child\" data-id=\"c970933\" data-element_type=\"container\">\n\t\t\t\t<div class=\"elementor-element elementor-element-660ec59 elementor-widget__width-initial elementor-widget elementor-widget-text-editor\" data-id=\"660ec59\" data-element_type=\"widget\" data-widget_type=\"text-editor.default\">\n\t\t\t\t<div class=\"elementor-widget-container\">\n\t\t\t\t\t\t\t\t\t<p>\u00dcber diesen Link, finden Sie einige Infomationen in mehreren Sprachen ( <img loading=\"lazy\" decoding=\"async\" class=\"alignnone wp-image-443\" src=\"https:\/\/www.schuldnerberatung-mg.de\/h\/wp-content\/uploads\/2024\/07\/united-arab-emirates-26815_640.png\" alt=\"\" width=\"35\" height=\"23\" \/> <img loading=\"lazy\" decoding=\"async\" class=\"alignnone wp-image-446\" src=\"https:\/\/www.schuldnerberatung-mg.de\/h\/wp-content\/uploads\/2024\/07\/bulgaria-162254_640.png\" alt=\"\" width=\"35\" height=\"23\" \/> <img loading=\"lazy\" decoding=\"async\" class=\"alignnone wp-image-431\" src=\"https:\/\/www.schuldnerberatung-mg.de\/h\/wp-content\/uploads\/2024\/07\/flags-38754_640.png\" alt=\"\" width=\"35\" height=\"18\" \/> <img loading=\"lazy\" decoding=\"async\" class=\"alignnone wp-image-430\" src=\"https:\/\/www.schuldnerberatung-mg.de\/h\/wp-content\/uploads\/2024\/07\/france-28463_640.png\" alt=\"\" width=\"35\" height=\"23\" \/> <img loading=\"lazy\" decoding=\"async\" class=\"alignnone wp-image-425\" src=\"https:\/\/www.schuldnerberatung-mg.de\/h\/wp-content\/uploads\/2024\/07\/italy-162326_640.png\" alt=\"\" width=\"35\" height=\"23\" \/> <img loading=\"lazy\" decoding=\"async\" class=\"alignnone wp-image-447\" src=\"https:\/\/www.schuldnerberatung-mg.de\/h\/wp-content\/uploads\/2024\/07\/iran-26826_640.png\" alt=\"\" width=\"35\" height=\"20\" \/> <img loading=\"lazy\" decoding=\"async\" class=\"alignnone wp-image-445\" src=\"https:\/\/www.schuldnerberatung-mg.de\/h\/wp-content\/uploads\/2024\/07\/poland-26125_640.png\" alt=\"\" width=\"36\" height=\"21\" \/> <img loading=\"lazy\" decoding=\"async\" class=\"alignnone wp-image-444\" src=\"https:\/\/www.schuldnerberatung-mg.de\/h\/wp-content\/uploads\/2024\/07\/romania-162399_640.png\" alt=\"\" width=\"35\" height=\"23\" \/> <img loading=\"lazy\" decoding=\"async\" class=\"alignnone wp-image-427\" src=\"https:\/\/www.schuldnerberatung-mg.de\/h\/wp-content\/uploads\/2024\/07\/russia-26896_640.png\" alt=\"\" width=\"35\" height=\"23\" \/> <img loading=\"lazy\" decoding=\"async\" class=\"alignnone wp-image-429\" src=\"https:\/\/www.schuldnerberatung-mg.de\/h\/wp-content\/uploads\/2024\/07\/spain-28530_640.png\" alt=\"\" width=\"35\" height=\"23\" \/> <img loading=\"lazy\" decoding=\"async\" class=\"alignnone wp-image-428\" src=\"https:\/\/www.schuldnerberatung-mg.de\/h\/wp-content\/uploads\/2024\/07\/turkey-26820_640.png\" alt=\"\" width=\"36\" height=\"23\" \/> ): <a href=\"https:\/\/www.schuldnerberatung-hessen.de\/informationsblaetter\/\">https:\/\/www.schuldnerberatung-hessen.de\/informationsblaetter\/<\/a><\/p>\t\t\t\t\t\t\t\t<\/div>\n\t\t\t\t<\/div>\n\t\t\t\t<\/div>\n\t\t\t\t\t<\/div>\n\t\t\t\t<\/div>\n\t\t\t\t<\/div>\n\t\t","protected":false},"excerpt":{"rendered":"<p>Weitere Sprachen Wenn Sie sich mit der deutschen Sprache nicht sicher f\u00fchlen, empfehlen wir zu den Beratungsterminen eine Person mitzubringen, [&hellip;]<\/p>\n","protected":false},"author":2,"featured_media":0,"parent":0,"menu_order":0,"comment_status":"closed","ping_status":"closed","template":"","meta":{"site-sidebar-layout":"no-sidebar","site-content-layout":"","ast-site-content-layout":"full-width-container","site-content-style":"default","site-sidebar-style":"default","ast-global-header-display":"","ast-banner-title-visibility":"","ast-main-header-display":"","ast-hfb-above-header-display":"","ast-hfb-below-header-display":"","ast-hfb-mobile-header-display":"","site-post-title":"disabled","ast-breadcrumbs-content":"","ast-featured-img":"disabled","footer-sml-layout":"","ast-disable-related-posts":"","theme-transparent-header-meta":"","adv-header-id-meta":"","stick-header-meta":"","header-above-stick-meta":"","header-main-stick-meta":"","header-below-stick-meta":"","astra-migrate-meta-layouts":"default","ast-page-background-enabled":"default","ast-page-background-meta":{"desktop":{"background-color":"var(--ast-global-color-4)","background-image":"","background-repeat":"repeat","background-position":"center center","background-size":"auto","background-attachment":"scroll","background-type":"","background-media":"","overlay-type":"","overlay-color":"","overlay-opacity":"","overlay-gradient":""},"tablet":{"background-color":"","background-image":"","background-repeat":"repeat","background-position":"center center","background-size":"auto","background-attachment":"scroll","background-type":"","background-media":"","overlay-type":"","overlay-color":"","overlay-opacity":"","overlay-gradient":""},"mobile":{"background-color":"","background-image":"","background-repeat":"repeat","background-position":"center center","background-size":"auto","background-attachment":"scroll","background-type":"","background-media":"","overlay-type":"","overlay-color":"","overlay-opacity":"","overlay-gradient":""}},"ast-content-background-meta":{"desktop":{"background-color":"var(--ast-global-color-5)","background-image":"","background-repeat":"repeat","background-position":"center center","background-size":"auto","background-attachment":"scroll","background-type":"","background-media":"","overlay-type":"","overlay-color":"","overlay-opacity":"","overlay-gradient":""},"tablet":{"background-color":"var(--ast-global-color-5)","background-image":"","background-repeat":"repeat","background-position":"center center","background-size":"auto","background-attachment":"scroll","background-type":"","background-media":"","overlay-type":"","overlay-color":"","overlay-opacity":"","overlay-gradient":""},"mobile":{"background-color":"var(--ast-global-color-5)","background-image":"","background-repeat":"repeat","background-position":"center center","background-size":"auto","background-attachment":"scroll","background-type":"","background-media":"","overlay-type":"","overlay-color":"","overlay-opacity":"","overlay-gradient":""}},"footnotes":""},"class_list":["post-213","page","type-page","status-publish","hentry"],"_links":{"self":[{"href":"https:\/\/www.schuldnerberatung-mg.de\/h\/wp-json\/wp\/v2\/pages\/213","targetHints":{"allow":["GET"]}}],"collection":[{"href":"https:\/\/www.schuldnerberatung-mg.de\/h\/wp-json\/wp\/v2\/pages"}],"about":[{"href":"https:\/\/www.schuldnerberatung-mg.de\/h\/wp-json\/wp\/v2\/types\/page"}],"author":[{"embeddable":true,"href":"https:\/\/www.schuldnerberatung-mg.de\/h\/wp-json\/wp\/v2\/users\/2"}],"replies":[{"embeddable":true,"href":"https:\/\/www.schuldnerberatung-mg.de\/h\/wp-json\/wp\/v2\/comments?post=213"}],"version-history":[{"count":72,"href":"https:\/\/www.schuldnerberatung-mg.de\/h\/wp-json\/wp\/v2\/pages\/213\/revisions"}],"predecessor-version":[{"id":744,"href":"https:\/\/www.schuldnerberatung-mg.de\/h\/wp-json\/wp\/v2\/pages\/213\/revisions\/744"}],"wp:attachment":[{"href":"https:\/\/www.schuldnerberatung-mg.de\/h\/wp-json\/wp\/v2\/media?parent=213"}],"curies":[{"name":"wp","href":"https:\/\/api.w.org\/{rel}","templated":true}]}}