{"id":26,"date":"2024-07-06T00:06:23","date_gmt":"2024-07-05T22:06:23","guid":{"rendered":"http:\/\/schuldnerberatung-mg.de\/?page_id=26"},"modified":"2024-10-04T15:30:56","modified_gmt":"2024-10-04T13:30:56","slug":"impressum","status":"publish","type":"page","link":"https:\/\/www.schuldnerberatung-mg.de\/h\/impressum\/","title":{"rendered":"Impressum"},"content":{"rendered":"\t\t<div data-elementor-type=\"wp-page\" data-elementor-id=\"26\" class=\"elementor elementor-26\">\n\t\t\t\t<div class=\"elementor-element elementor-element-eb79836 e-flex e-con-boxed e-con e-parent\" data-id=\"eb79836\" data-element_type=\"container\">\n\t\t\t\t\t<div class=\"e-con-inner\">\n\t\t\t\t<div class=\"elementor-element elementor-element-2519d28 elementor-widget elementor-widget-heading\" data-id=\"2519d28\" data-element_type=\"widget\" data-widget_type=\"heading.default\">\n\t\t\t\t<div class=\"elementor-widget-container\">\n\t\t\t\t\t<h2 class=\"elementor-heading-title elementor-size-default\">Impressum<\/h2>\t\t\t\t<\/div>\n\t\t\t\t<\/div>\n\t\t\t\t\t<\/div>\n\t\t\t\t<\/div>\n\t\t<div class=\"elementor-element elementor-element-5530e91 e-flex e-con-boxed e-con e-parent\" data-id=\"5530e91\" data-element_type=\"container\">\n\t\t\t\t\t<div class=\"e-con-inner\">\n\t\t\t\t<div class=\"elementor-element elementor-element-06eda55 elementor-widget elementor-widget-text-editor\" data-id=\"06eda55\" data-element_type=\"widget\" data-widget_type=\"text-editor.default\">\n\t\t\t\t<div class=\"elementor-widget-container\">\n\t\t\t\t\t\t\t\t\t<p>Odenkirchener Stra\u00dfe 14 \u2013 16<br \/>41236 M\u00f6nchengladbach<\/p><p>Telefon: 02166 \/ 254 681<br \/>Telefax: 02166 \/ 254 684<br \/>E-Mail: post@schuldenberatung-mg.de<br \/>Internet: https:\/\/www.schuldenberatung-mg.de<\/p><p>Vertretungsberechtigter Vorstand: Dr. A. Scheidgen (Vorsitzender), Uwe Bohlen, Mike Boochs<br \/>Gesch\u00e4ftsf\u00fchrer: Gert Herzogenrath<br \/>Registergericht: Amtsgericht M\u00f6nchengladbach<br \/>Registernummer: VR1591<\/p><p>Haftungshinweis: Trotz sorgf\u00e4ltiger inhaltlicher Kontrolle \u00fcbernehmen wir keine Haftung f\u00fcr die Inhalte externer Links. F\u00fcr den Inhalt der verlinkten Seiten sind ausschlie\u00dflich deren Betreiber verantwortlich.<\/p>\t\t\t\t\t\t\t\t<\/div>\n\t\t\t\t<\/div>\n\t\t\t\t\t<\/div>\n\t\t\t\t<\/div>\n\t\t\t\t<\/div>\n\t\t","protected":false},"excerpt":{"rendered":"<p>Impressum Odenkirchener Stra\u00dfe 14 \u2013 1641236 M\u00f6nchengladbach Telefon: 02166 \/ 254 681Telefax: 02166 \/ 254 684E-Mail: post@schuldenberatung-mg.deInternet: https:\/\/www.schuldenberatung-mg.de Vertretungsberechtigter Vorstand: [&hellip;]<\/p>\n","protected":false},"author":2,"featured_media":0,"parent":0,"menu_order":0,"comment_status":"closed","ping_status":"closed","template":"elementor_header_footer","meta":{"site-sidebar-layout":"default","site-content-layout":"","ast-site-content-layout":"default","site-content-style":"default","site-sidebar-style":"default","ast-global-header-display":"","ast-banner-title-visibility":"","ast-main-header-display":"","ast-hfb-above-header-display":"","ast-hfb-below-header-display":"","ast-hfb-mobile-header-display":"","site-post-title":"","ast-breadcrumbs-content":"","ast-featured-img":"","footer-sml-layout":"","ast-disable-related-posts":"","theme-transparent-header-meta":"","adv-header-id-meta":"","stick-header-meta":"","header-above-stick-meta":"","header-main-stick-meta":"","header-below-stick-meta":"","astra-migrate-meta-layouts":"default","ast-page-background-enabled":"default","ast-page-background-meta":{"desktop":{"background-color":"var(--ast-global-color-4)","background-image":"","background-repeat":"repeat","background-position":"center center","background-size":"auto","background-attachment":"scroll","background-type":"","background-media":"","overlay-type":"","overlay-color":"","overlay-opacity":"","overlay-gradient":""},"tablet":{"background-color":"","background-image":"","background-repeat":"repeat","background-position":"center center","background-size":"auto","background-attachment":"scroll","background-type":"","background-media":"","overlay-type":"","overlay-color":"","overlay-opacity":"","overlay-gradient":""},"mobile":{"background-color":"","background-image":"","background-repeat":"repeat","background-position":"center center","background-size":"auto","background-attachment":"scroll","background-type":"","background-media":"","overlay-type":"","overlay-color":"","overlay-opacity":"","overlay-gradient":""}},"ast-content-background-meta":{"desktop":{"background-color":"var(--ast-global-color-5)","background-image":"","background-repeat":"repeat","background-position":"center center","background-size":"auto","background-attachment":"scroll","background-type":"","background-media":"","overlay-type":"","overlay-color":"","overlay-opacity":"","overlay-gradient":""},"tablet":{"background-color":"var(--ast-global-color-5)","background-image":"","background-repeat":"repeat","background-position":"center center","background-size":"auto","background-attachment":"scroll","background-type":"","background-media":"","overlay-type":"","overlay-color":"","overlay-opacity":"","overlay-gradient":""},"mobile":{"background-color":"var(--ast-global-color-5)","background-image":"","background-repeat":"repeat","background-position":"center center","background-size":"auto","background-attachment":"scroll","background-type":"","background-media":"","overlay-type":"","overlay-color":"","overlay-opacity":"","overlay-gradient":""}},"footnotes":""},"class_list":["post-26","page","type-page","status-publish","hentry"],"_links":{"self":[{"href":"https:\/\/www.schuldnerberatung-mg.de\/h\/wp-json\/wp\/v2\/pages\/26","targetHints":{"allow":["GET"]}}],"collection":[{"href":"https:\/\/www.schuldnerberatung-mg.de\/h\/wp-json\/wp\/v2\/pages"}],"about":[{"href":"https:\/\/www.schuldnerberatung-mg.de\/h\/wp-json\/wp\/v2\/types\/page"}],"author":[{"embeddable":true,"href":"https:\/\/www.schuldnerberatung-mg.de\/h\/wp-json\/wp\/v2\/users\/2"}],"replies":[{"embeddable":true,"href":"https:\/\/www.schuldnerberatung-mg.de\/h\/wp-json\/wp\/v2\/comments?post=26"}],"version-history":[{"count":16,"href":"https:\/\/www.schuldnerberatung-mg.de\/h\/wp-json\/wp\/v2\/pages\/26\/revisions"}],"predecessor-version":[{"id":592,"href":"https:\/\/www.schuldnerberatung-mg.de\/h\/wp-json\/wp\/v2\/pages\/26\/revisions\/592"}],"wp:attachment":[{"href":"https:\/\/www.schuldnerberatung-mg.de\/h\/wp-json\/wp\/v2\/media?parent=26"}],"curies":[{"name":"wp","href":"https:\/\/api.w.org\/{rel}","templated":true}]}}